{"id":7197,"date":"2021-01-11T08:30:53","date_gmt":"2021-01-11T05:30:53","guid":{"rendered":"http:\/\/localhost:8088\/avs\/?page_id=7197"},"modified":"2021-01-30T14:40:13","modified_gmt":"2021-01-30T11:40:13","slug":"iletisim","status":"publish","type":"page","link":"https:\/\/odyoloji.avrasya.edu.tr\/?page_id=7197","title":{"rendered":"\u0130leti\u015fim"},"content":{"rendered":"\n<div class=\"wp-block-columns is-layout-flex wp-container-core-columns-is-layout-9d6595d7 wp-block-columns-is-layout-flex\">\n<div class=\"wp-block-column is-layout-flow wp-block-column-is-layout-flow\">\n<p><strong>Avrasya \u00dcniversitesi Yal\u0131ncak \u00d6mer Y\u0131ld\u0131z Yerle\u015fkesi:<\/strong><\/p>\n\n\n\n<p>Adres : Yal\u0131ncak Mahallesi, Rize Cad. No: 125\/1 Ortahisar \/ Trabzon \/ T\u00dcRK\u0130YE<\/p>\n\n\n\n<div class=\"wp-block-group\"><div class=\"wp-block-group__inner-container is-layout-flow wp-block-group-is-layout-flow\">\n<p>Tel:  0462 335 50 00         <br>        0462 334 00 18<br>        0462 334 00 18<br>        0462 334 00 23<br>        0 462 334 64 50<br>        0 462 344 05 10<br>        0 462 344 05 18<br>        0 462 335 50 02<br>Fax: 0 462 334 64 54<\/p>\n\n\n\n<p>KEP:&nbsp;<strong><a href=\"mailto:avrasyauniversitesi@hs01.kep.tr\">avrasyauniversitesi@hs01.kep.tr<\/a>&nbsp;<\/strong><\/p>\n\n\n\n<p><strong>Whatsapp Dan\u0131\u015fma Hatt\u0131m\u0131z:<\/strong> 0 535 333 45 55<\/p>\n<\/div><\/div>\n<\/div>\n\n\n\n<div class=\"wp-block-column is-layout-flow wp-block-column-is-layout-flow\">\n<div class=\"mapouter\"><div class=\"gmap_canvas\"><iframe loading=\"lazy\" width=\"600\" height=\"500\" id=\"gmap_canvas\" src=\"https:\/\/maps.google.com\/maps?q=Avrasya%20%C3%9Cniversitesi%20Yal%C4%B1ncak%20Yerle%C5%9Fkesi&#038;t=&#038;z=15&#038;ie=UTF8&#038;iwloc=&#038;output=embed\" frameborder=\"0\" scrolling=\"no\" marginheight=\"0\" marginwidth=\"0\"><\/iframe><a href=\"https:\/\/123movies-to.org\"><\/a><br><style>.mapouter{position:relative;text-align:right;height:500px;width:600px;}<\/style><a href=\"https:\/\/www.embedgooglemap.net\">google map html generator<\/a><style>.gmap_canvas {overflow:hidden;background:none!important;height:500px;width:600px;}<\/style><\/div><\/div>\n<\/div>\n\n\n\n<div class=\"wp-block-group is-layout-flow wp-block-group-is-layout-flow\"><div class=\"wp-block-group__inner-container\"><\/div><\/div>\n","protected":false},"excerpt":{"rendered":"<p>Avrasya \u00dcniversitesi Yal\u0131ncak \u00d6mer Y\u0131ld\u0131z Yerle\u015fkesi: Adres : Yal\u0131ncak Mahallesi, Rize Cad. No: 125\/1 Ortahisar \/ Trabzon \/ T\u00dcRK\u0130YE Tel: 0462 335 50 00 0462 334 00 18 0462 334 [&hellip;]<\/p>\n","protected":false},"author":1,"featured_media":0,"parent":0,"menu_order":0,"comment_status":"closed","ping_status":"closed","template":"","meta":{"footnotes":""},"class_list":["post-7197","page","type-page","status-publish","hentry"],"_links":{"self":[{"href":"https:\/\/odyoloji.avrasya.edu.tr\/index.php?rest_route=\/wp\/v2\/pages\/7197","targetHints":{"allow":["GET"]}}],"collection":[{"href":"https:\/\/odyoloji.avrasya.edu.tr\/index.php?rest_route=\/wp\/v2\/pages"}],"about":[{"href":"https:\/\/odyoloji.avrasya.edu.tr\/index.php?rest_route=\/wp\/v2\/types\/page"}],"author":[{"embeddable":true,"href":"https:\/\/odyoloji.avrasya.edu.tr\/index.php?rest_route=\/wp\/v2\/users\/1"}],"replies":[{"embeddable":true,"href":"https:\/\/odyoloji.avrasya.edu.tr\/index.php?rest_route=%2Fwp%2Fv2%2Fcomments&post=7197"}],"version-history":[{"count":5,"href":"https:\/\/odyoloji.avrasya.edu.tr\/index.php?rest_route=\/wp\/v2\/pages\/7197\/revisions"}],"predecessor-version":[{"id":8635,"href":"https:\/\/odyoloji.avrasya.edu.tr\/index.php?rest_route=\/wp\/v2\/pages\/7197\/revisions\/8635"}],"wp:attachment":[{"href":"https:\/\/odyoloji.avrasya.edu.tr\/index.php?rest_route=%2Fwp%2Fv2%2Fmedia&parent=7197"}],"curies":[{"name":"wp","href":"https:\/\/api.w.org\/{rel}","templated":true}]}}