{"id":9687,"date":"2025-09-30T11:40:21","date_gmt":"2025-09-30T08:40:21","guid":{"rendered":"https:\/\/odyoloji.avrasya.edu.tr\/?page_id=9687"},"modified":"2025-11-15T11:17:23","modified_gmt":"2025-11-15T08:17:23","slug":"erasmus-ikili-anlasmalar","status":"publish","type":"page","link":"https:\/\/odyoloji.avrasya.edu.tr\/?page_id=9687","title":{"rendered":"ERASMUS+ \u0130kili Anla\u015fmalar"},"content":{"rendered":"\n<figure class=\"wp-block-table\"><table class=\"has-fixed-layout\"><tbody><tr><td class=\"has-text-align-center\" data-align=\"center\"><strong>Hareketlilik T\u00fcr\u00fc<\/strong><\/td><td class=\"has-text-align-center\" data-align=\"center\"><strong>B\u00d6L\u00dcM<\/strong><\/td><td class=\"has-text-align-center\" data-align=\"center\"><strong>\u00dcLKE<\/strong><\/td><td class=\"has-text-align-center\" data-align=\"center\"><strong>\u00dcN\u0130VERS\u0130TE ADI<\/strong><\/td><td class=\"has-text-align-center\" data-align=\"center\"><strong>B\u0130T\u0130\u015e TAR\u0130H\u0130<\/strong><\/td><td class=\"has-text-align-center\" data-align=\"center\"><strong>Dil<\/strong><\/td><td class=\"has-text-align-center\" data-align=\"center\"><strong>\u00d6\u011frenci Say\u0131s\u0131<\/strong><\/td><td class=\"has-text-align-center\" data-align=\"center\"><strong>S\u00fcre<\/strong><\/td><\/tr><tr><td class=\"has-text-align-center\" data-align=\"center\">\u00d6\u011frenim<\/td><td class=\"has-text-align-center\" data-align=\"center\">Psikoloji<\/td><td class=\"has-text-align-center\" data-align=\"center\">ROMANYA<\/td><td class=\"has-text-align-center\" data-align=\"center\">UNIVERSITY OF BUCHAREST<\/td><td class=\"has-text-align-center\" data-align=\"center\">2029<\/td><td class=\"has-text-align-center\" data-align=\"center\">B2 (\u0130ngilizce)<\/td><td class=\"has-text-align-center\" data-align=\"center\">2<\/td><td class=\"has-text-align-center\" data-align=\"center\">Her \u00f6\u011frenci 5 ay<\/td><\/tr><tr><td class=\"has-text-align-center\" data-align=\"center\">\u00d6\u011frenim<\/td><td class=\"has-text-align-center\" data-align=\"center\">Psikoloji<\/td><td class=\"has-text-align-center\" data-align=\"center\">BULGAR\u0130STAN<\/td><td class=\"has-text-align-center\" data-align=\"center\">SOUTH-WEST UNIVERSITY NEOFIT RILSKI<\/td><td class=\"has-text-align-center\" data-align=\"center\">2029<\/td><td class=\"has-text-align-center\" data-align=\"center\">B1 (\u0130ngilizce)<\/td><td class=\"has-text-align-center\" data-align=\"center\">5<\/td><td class=\"has-text-align-center\" data-align=\"center\">Her \u00f6\u011frenci 5 ay<\/td><\/tr><tr><td class=\"has-text-align-center\" data-align=\"center\">\u00d6\u011frenim<\/td><td class=\"has-text-align-center\" data-align=\"center\">Psikoloji<\/td><td class=\"has-text-align-center\" data-align=\"center\">MAKEDONYA<\/td><td class=\"has-text-align-center\" data-align=\"center\">SOUTH EAST EUROPEAN UNIVERSITY TETOVO<\/td><td class=\"has-text-align-center\" data-align=\"center\">2029<\/td><td class=\"has-text-align-center\" data-align=\"center\">B1 (\u0130ngilizce)<\/td><td class=\"has-text-align-center\" data-align=\"center\">5<\/td><td class=\"has-text-align-center\" data-align=\"center\">Her \u00f6\u011frenci 5 ay<\/td><\/tr><tr><td class=\"has-text-align-center\" data-align=\"center\">\u00d6\u011frenim<\/td><td class=\"has-text-align-center\" data-align=\"center\">Psikoloji<\/td><td class=\"has-text-align-center\" data-align=\"center\">POLONYA<\/td><td class=\"has-text-align-center\" data-align=\"center\">RADOM ACADEMY OF ECONOMICS<\/td><td class=\"has-text-align-center\" data-align=\"center\">2029<\/td><td class=\"has-text-align-center\" data-align=\"center\">B1 (\u0130ngilizce)<\/td><td class=\"has-text-align-center\" data-align=\"center\">4<\/td><td class=\"has-text-align-center\" data-align=\"center\">Her \u00f6\u011frenci 5 ay<\/td><\/tr><tr><td class=\"has-text-align-center\" data-align=\"center\">\u00d6\u011frenim<\/td><td class=\"has-text-align-center\" data-align=\"center\">Psikoloji<\/td><td class=\"has-text-align-center\" data-align=\"center\">POLONYA<\/td><td class=\"has-text-align-center\" data-align=\"center\">PANSTWOWA AKADEM\u0130A NAUK STOSOWANYCH \u0130M. KS. BRON\u0130SLAWA MARK\u0130EW\u0130CZA W JAROSLAW\u0130U<\/td><td class=\"has-text-align-center\" data-align=\"center\">2029<\/td><td class=\"has-text-align-center\" data-align=\"center\">B2 (\u0130ngilizce)<\/td><td class=\"has-text-align-center\" data-align=\"center\">5<\/td><td class=\"has-text-align-center\" data-align=\"center\">Her \u00f6\u011frenci 5 ay<\/td><\/tr><tr><td class=\"has-text-align-center\" data-align=\"center\">Staj<\/td><td class=\"has-text-align-center\" data-align=\"center\">Psikoloji<\/td><td class=\"has-text-align-center\" data-align=\"center\">BULGAR\u0130STAN<\/td><td class=\"has-text-align-center\" data-align=\"center\">SOUTH-WEST UNIVERSITY NEOFIT RILSKI<\/td><td class=\"has-text-align-center\" data-align=\"center\">2029<\/td><td class=\"has-text-align-center\" data-align=\"center\">B1 (\u0130ngilizce)<\/td><td class=\"has-text-align-center\" data-align=\"center\">5<\/td><td class=\"has-text-align-center\" data-align=\"center\">Her \u00d6\u011frenci 2 ay<\/td><\/tr><tr><td class=\"has-text-align-center\" data-align=\"center\">Staj<\/td><td class=\"has-text-align-center\" data-align=\"center\">Psikoloji<\/td><td class=\"has-text-align-center\" data-align=\"center\">MAKEDONYA<\/td><td class=\"has-text-align-center\" data-align=\"center\">SOUTH EAST EUROPEAN UNIVERSITY TETOVO<\/td><td class=\"has-text-align-center\" data-align=\"center\">2029<\/td><td class=\"has-text-align-center\" data-align=\"center\">B1 (\u0130ngilizce)<\/td><td class=\"has-text-align-center\" data-align=\"center\">5<\/td><td class=\"has-text-align-center\" data-align=\"center\">Her \u00d6\u011frenci 2 ay<\/td><\/tr><tr><td class=\"has-text-align-center\" data-align=\"center\">Staj<\/td><td class=\"has-text-align-center\" data-align=\"center\">Psikoloji<\/td><td class=\"has-text-align-center\" data-align=\"center\">POLONYA<\/td><td class=\"has-text-align-center\" data-align=\"center\">PANSTWOWA AKADEM\u0130A NAUK STOSOWANYCH \u0130M. KS. BRON\u0130SLAWA MARK\u0130EW\u0130CZA W JAROSLAW\u0130U<\/td><td class=\"has-text-align-center\" data-align=\"center\">2029<\/td><td class=\"has-text-align-center\" data-align=\"center\">B1 (\u0130ngilizce)<\/td><td class=\"has-text-align-center\" data-align=\"center\">5<\/td><td class=\"has-text-align-center\" data-align=\"center\">Her \u00f6\u011frenci 5 ay<\/td><\/tr><\/tbody><\/table><\/figure>\n","protected":false},"excerpt":{"rendered":"<p>Hareketlilik T\u00fcr\u00fc B\u00d6L\u00dcM \u00dcLKE \u00dcN\u0130VERS\u0130TE ADI B\u0130T\u0130\u015e TAR\u0130H\u0130 Dil \u00d6\u011frenci Say\u0131s\u0131 S\u00fcre \u00d6\u011frenim Psikoloji ROMANYA UNIVERSITY OF BUCHAREST 2029 B2 (\u0130ngilizce) 2 Her \u00f6\u011frenci 5 ay \u00d6\u011frenim Psikoloji BULGAR\u0130STAN SOUTH-WEST [&hellip;]<\/p>\n","protected":false},"author":1,"featured_media":0,"parent":0,"menu_order":0,"comment_status":"closed","ping_status":"closed","template":"","meta":{"footnotes":""},"class_list":["post-9687","page","type-page","status-publish","hentry"],"_links":{"self":[{"href":"https:\/\/odyoloji.avrasya.edu.tr\/index.php?rest_route=\/wp\/v2\/pages\/9687","targetHints":{"allow":["GET"]}}],"collection":[{"href":"https:\/\/odyoloji.avrasya.edu.tr\/index.php?rest_route=\/wp\/v2\/pages"}],"about":[{"href":"https:\/\/odyoloji.avrasya.edu.tr\/index.php?rest_route=\/wp\/v2\/types\/page"}],"author":[{"embeddable":true,"href":"https:\/\/odyoloji.avrasya.edu.tr\/index.php?rest_route=\/wp\/v2\/users\/1"}],"replies":[{"embeddable":true,"href":"https:\/\/odyoloji.avrasya.edu.tr\/index.php?rest_route=%2Fwp%2Fv2%2Fcomments&post=9687"}],"version-history":[{"count":4,"href":"https:\/\/odyoloji.avrasya.edu.tr\/index.php?rest_route=\/wp\/v2\/pages\/9687\/revisions"}],"predecessor-version":[{"id":9718,"href":"https:\/\/odyoloji.avrasya.edu.tr\/index.php?rest_route=\/wp\/v2\/pages\/9687\/revisions\/9718"}],"wp:attachment":[{"href":"https:\/\/odyoloji.avrasya.edu.tr\/index.php?rest_route=%2Fwp%2Fv2%2Fmedia&parent=9687"}],"curies":[{"name":"wp","href":"https:\/\/api.w.org\/{rel}","templated":true}]}}